{"id":3,"date":"2020-04-21T21:50:35","date_gmt":"2020-04-21T19:50:35","guid":{"rendered":"http:\/\/drbayer-cottbus.de\/?page_id=3"},"modified":"2020-05-12T17:09:31","modified_gmt":"2020-05-12T15:09:31","slug":"impressum-datenschutzerklaerung","status":"publish","type":"page","link":"https:\/\/www.drbayer-cottbus.de\/?page_id=3","title":{"rendered":"Impressum &#038; Datenschutzerkl\u00e4rung"},"content":{"rendered":"\t\t<div data-elementor-type=\"wp-page\" data-elementor-id=\"3\" class=\"elementor elementor-3\" data-elementor-settings=\"[]\">\n\t\t\t\t\t\t<div class=\"elementor-inner\">\n\t\t\t\t\t\t\t<div class=\"elementor-section-wrap\">\n\t\t\t\t\t\t\t<section class=\"elementor-section elementor-top-section elementor-element elementor-element-73fd89f0 elementor-section-boxed elementor-section-height-default elementor-section-height-default\" data-id=\"73fd89f0\" data-element_type=\"section\">\n\t\t\t\t\t\t<div class=\"elementor-container elementor-column-gap-default\">\n\t\t\t\t\t\t\t<div class=\"elementor-row\">\n\t\t\t\t\t<div class=\"elementor-column elementor-col-100 elementor-top-column elementor-element elementor-element-15583d56\" data-id=\"15583d56\" data-element_type=\"column\">\n\t\t\t<div class=\"elementor-column-wrap elementor-element-populated\">\n\t\t\t\t\t\t\t<div class=\"elementor-widget-wrap\">\n\t\t\t\t\t\t<div class=\"elementor-element elementor-element-5f6c5978 elementor-widget elementor-widget-text-editor\" data-id=\"5f6c5978\" data-element_type=\"widget\" data-widget_type=\"text-editor.default\">\n\t\t\t\t<div class=\"elementor-widget-container\">\n\t\t\t\t\t\t\t\t<div class=\"elementor-text-editor elementor-clearfix\">\n\t\t\t\t<p><!-- wp:paragraph --><\/p>\n<p><b>Gemeinschaftspraxis\u00a0<\/b><b>Dr. Isabel &amp; Dr. Eyke Bayer<\/b><strong>\u00a0<\/strong><\/p>\n<p><strong>Dr. med. Eyke Bayer<\/strong><br \/>Facharzt f\u00fcr Innere Medizin<\/p>\n<p><strong>Dr. med. Isabel Bayer<\/strong><br \/>Fach\u00e4rztin f\u00fcr Innere Medizin<\/p>\n<p><!-- \/wp:paragraph --><\/p>\n<p><!-- wp:paragraph --><\/p>\n<p><strong>Gesetzliche Berufsbezeichnung:<\/strong><br \/>Facharzt\/\u00e4rztin f\u00fcr Innere Medizin, verliehen in der Bundesrepublik Deutschland.<\/p>\n<p><!-- \/wp:paragraph --><\/p>\n<p><!-- wp:paragraph --><\/p>\n<p>Sandower Hauptstr. 15<br \/>03042 Cottbus<\/p>\n<p><!-- \/wp:paragraph --><\/p>\n<p><!-- wp:paragraph --><\/p>\n<p><strong>Telefon:<\/strong>\u00a00355 \/ 71 04 44\u202c<br \/><strong>Telefax:<\/strong>\u00a00355 \/ 75 57 98 2<br \/><a href=\"mailto:info@drbayer-cottbus.de\">info@drbayer-cottbus.de<\/a><\/p>\n<p><strong>Zust\u00e4ndige \u00c4rztekammer:<\/strong><br \/><a href=\"https:\/\/www.laekb.de\/\" target=\"_blank\" rel=\"noreferrer noopener\">Landes\u00e4rztekammer Brandenburg<\/a><br \/>K\u00f6rperschaft des \u00f6ffentlichen Rechts<br \/><br \/>Gesch\u00e4ftsstelle Potsdam<br \/>Pappelallee 5<br \/>14469 Potsdam<\/p>\n<p><!-- \/wp:paragraph --><\/p>\n<p><!-- wp:paragraph --><\/p>\n<p>Telefon: 0355 78010-0<br \/>Email: <a href=\"mailto:post@laekb.de\">post@laekb.de<\/a><\/p>\n<p><!-- \/wp:paragraph --><\/p>\n<p><!-- wp:paragraph --><\/p>\n<p><strong>Berufsrechtliche Regelungen:<\/strong><br \/><a href=\"https:\/\/www.laekb.de\/www\/website\/PublicNavigation\/arzt\/arztrecht\/gesetze\/verordnungen\/\" target=\"_blank\" rel=\"noreferrer noopener\">Berufsordnung der Landes\u00e4rztekammer Brandenburg<\/a><\/p>\n<p><!-- \/wp:paragraph --><\/p>\n<p><!-- wp:paragraph --><\/p>\n<p><strong>Zust\u00e4ndige Aufsichtsbeh\u00f6rde:<\/strong><br \/><a href=\"https:\/\/www.kvbb.de\/\" target=\"_blank\" rel=\"noreferrer noopener\">Kassen\u00e4rztliche Vereinigung Brandenburg<br \/><\/a>Pappelallee 5<br \/>14469 Potsdam<br \/><br \/>Tel. 0331 \/ 2309 &#8211; 0<br \/>Fax. 0331 \/ 2309 &#8211; 175<br \/><a href=\"mailto:info@kvbb.de\">info@kvbb.de<\/a><\/p>\n<p><!-- \/wp:paragraph --><\/p>\n<p><!-- wp:paragraph --><\/p>\n<p><!-- \/wp:paragraph --><\/p>\n<p><!-- wp:paragraph --><\/p>\n<p><!-- \/wp:paragraph --><\/p>\n<p><!-- wp:paragraph --><\/p>\n<p><!-- \/wp:paragraph --><\/p>\n<p><!-- wp:paragraph --><\/p>\n<p><strong>Erstellung der Webseite durch:<\/strong> <a href=\"mailto:sebastian-klein@live.de\">Sebastian Klein<\/a><\/p>\n<p><!-- \/wp:paragraph --><\/p>\t\t\t\t\t<\/div>\n\t\t\t\t\t\t<\/div>\n\t\t\t\t<\/div>\n\t\t\t\t\t\t<\/div>\n\t\t\t\t\t<\/div>\n\t\t<\/div>\n\t\t\t\t\t\t\t\t<\/div>\n\t\t\t\t\t<\/div>\n\t\t<\/section>\n\t\t\t\t<section class=\"elementor-section elementor-top-section elementor-element elementor-element-562187b elementor-section-boxed elementor-section-height-default elementor-section-height-default\" data-id=\"562187b\" data-element_type=\"section\">\n\t\t\t\t\t\t<div class=\"elementor-container elementor-column-gap-default\">\n\t\t\t\t\t\t\t<div class=\"elementor-row\">\n\t\t\t\t\t<div class=\"elementor-column elementor-col-100 elementor-top-column elementor-element elementor-element-e3d4229\" data-id=\"e3d4229\" data-element_type=\"column\">\n\t\t\t<div class=\"elementor-column-wrap elementor-element-populated\">\n\t\t\t\t\t\t\t<div class=\"elementor-widget-wrap\">\n\t\t\t\t\t\t<div class=\"elementor-element elementor-element-48b6b7f elementor-widget elementor-widget-text-editor\" data-id=\"48b6b7f\" data-element_type=\"widget\" data-widget_type=\"text-editor.default\">\n\t\t\t\t<div class=\"elementor-widget-container\">\n\t\t\t\t\t\t\t\t<div class=\"elementor-text-editor elementor-clearfix\">\n\t\t\t\t<p><b>Datenschutzerkl\u00e4rung<\/b><\/p>\n<p><!-- wp:paragraph --><\/p>\n<p>Die Betreiber dieser Seiten nehmen den Schutz Ihrer pers\u00f6nlichen Daten sehr ernst. Wir behandeln Ihre personenbezogenen Daten vertraulich und entsprechend der gesetzlichen Datenschutzvorschriften sowie dieser Datenschutzerkl\u00e4rung. Diese Datenschutzerkl\u00e4rung gilt f\u00fcr das Internet-Angebot www.drbayer-cottbus.de<br \/>Diese ist f\u00fcr die Inhalte dieses Internet-Angebots verantwortlich. Verweise auf fremde Inhalte sind kenntlich gemacht (s.u.).<\/p>\n<p><!-- \/wp:paragraph --><!-- wp:paragraph --><\/p>\n<p><strong>Datenverarbeitung im Auftrag<\/strong><br \/>Dieses Internet-Angebot wird im Wege der Auftragsdatenverarbeitung von der Firma Strato mit Sitz und Serverstandort in Deutschland als technischem Dienstleister vorgehalten. Dabei findet keine \u00fcber das in dieser Erkl\u00e4rung dargestellte Ma\u00df hinausgehende Speicherung und Verarbeitung personenbezogener Nutzungsdaten statt.<\/p>\n<p><!-- \/wp:paragraph --><!-- wp:paragraph --><\/p>\n<p><strong>Erhebung von Nutzungsdaten\/Nutzungsanalyse<\/strong><br \/>Beim Zugriff auf unser Internetangebot erfassen wir folgende Daten in einer Protokolldatei:<br \/>&#8211; IP-Adresse in anonymisierter (verk\u00fcrzter) Form<br \/>&#8211; Zeitpunkt des Zugriffs\u2028- aufgerufene Seite bzw. Name der abgerufenen Datei (URL)<br \/>&#8211; Status-Informationen (z.B. Fehlercodes)<br \/>&#8211; \u00fcbertragene Datenmenge\u2028- Browser-Informationen (genutzter Web-Browser, Betriebssystem, Spracheinstellung etc.)<\/p>\n<p><!-- \/wp:paragraph --><!-- wp:paragraph --><\/p>\n<p>Die Daten werden ausschlie\u00dflich f\u00fcr statistische Zwecke genutzt. Eine Weitergabe an Dritte erfolgt nicht. Dieses Internetangebot verwendet keine Techniken, die darauf abzielen, das Zugriffsverhalten einzelner Nutzer auszuwerten. Personenbezogene Nutzungsprofile werden nicht erstellt.<\/p>\n<p><!-- \/wp:paragraph --><!-- wp:paragraph --><\/p>\n<p><strong>Links zu anderen Webseiten<\/strong><br \/>Unser Internet-Angebot enth\u00e4lt Verweise zu Inhalten anderer Anbieter. Diese sind durch die Angabe expliziter Links (z.B. www.internetseite.de), anhand entsprechender Hinweise im Text oder die Kennzeichnung mit dem Symbol erkennbar. Au\u00dferdem werden externe Verweise in einem eigenen Browserfenster ge\u00f6ffnet. Die Nutzung dieser fremden Inhalte unterliegt gegebenenfalls anderen Vorgaben als den hier dargestellten.<\/p>\n<p><!-- \/wp:paragraph --><!-- wp:paragraph --><\/p>\n<p><strong>Cookies<\/strong><br \/>In bestimmten F\u00e4llen werden so genannte tempor\u00e4re Cookies verwendet. Diese enthalten keine personenbezogenen Daten und werden nach Ablauf der Sitzung mit dem Schlie\u00dfen Ihres Web-Browsers automatisch gel\u00f6scht.<\/p>\n<p><!-- \/wp:paragraph --><!-- wp:paragraph --><\/p>\n<p>Im Fall einer Verlinkung k\u00f6nnen Cookies von Drittanbietern zum Einsatz kommen, ohne dass wir Sie ausdr\u00fccklich darauf hinweisen k\u00f6nnen. Die g\u00e4ngigen Browser erlauben es, die Verarbeitung solcher Cookies festzulegen, so dass Sie das Speichern dieser Cookies deaktivieren bzw. die Art der Verarbeitung durch Ihren Browser einstellen k\u00f6nnen.<\/p>\n<p><!-- \/wp:paragraph --><!-- wp:paragraph --><\/p>\n<p><strong>Auskunftsrechte, L\u00f6schung und Wiederspr\u00fcche<\/strong><br \/>Sie haben jederzeit das Recht auf unentgeltliche Auskunft \u00fcber Ihre gespeicherten personenbezogenen Daten, deren Herkunft und Empf\u00e4nger und den Zweck der Datenverarbeitung sowie ein Recht auf Berichtigung, Sperrung oder L\u00f6schung dieser Daten. Diese Rechte k\u00f6nnen schriftlich oder per E-Mail gegen\u00fcber den im Impressum genannten Stellen geltend gemacht werden. Dies gilt auch f\u00fcr Widerspr\u00fcche zu einer erteilten Einwilligungserkl\u00e4rung.<\/p>\n<p><!-- \/wp:paragraph --><!-- wp:paragraph --><\/p>\n<p><strong>Verschl\u00fcsselung<\/strong><br \/>Diese Seite nutzt aus Gr\u00fcnden der Sicherheit und zum Schutz der \u00dcbertragung vertraulicher Inhalte, wie zum Beispiel der Anfragen, die Sie an uns als Seitenbetreiber senden, eine SSL-Verschl\u00fcsselung. Eine verschl\u00fcsselte Verbindung erkennen Sie daran, dass die Adresszeile des Browsers von &#8220;http:\/\/&#8221; auf &#8220;https:\/\/&#8221; wechselt und an dem Schloss-Symbol in Ihrer Browserzeile.<br \/>Wenn die SSL Verschl\u00fcsselung aktiviert ist, k\u00f6nnen die Daten, die Sie an uns \u00fcbermitteln, nicht von Dritten mitgelesen werden.<\/p>\n<p><!-- \/wp:paragraph --><!-- wp:paragraph --><\/p>\n<p><strong>Datenschutzerkl\u00e4rung Google Maps<\/strong><br \/>Diese Webseite verwendet das Produkt Google Maps von Google Inc., 1600 Amphitheatre Parkway, Mountain View, CA 94043, USA. Zur Nutzung der Funktionen von Google Maps ist es notwendig, Ihre IP Adresse zu speichern. Diese Informationen werden in der Regel an einen Server von Google in den USA \u00fcbertragen und dort gespeichert. Der Anbieter dieser Seite hat keinen Einfluss auf diese Daten\u00fcbertragung. Die Nutzung von Google Maps erfolgt im Interesse einer ansprechenden Darstellung unserer Online-Angebote und an einer leichten Auffindbarkeit der von uns auf der Website angegebenen Orte.<\/p>\n<p><!-- \/wp:paragraph --><!-- wp:paragraph --><\/p>\n<p>Die Nutzungsbedingungen von Google Maps finden sie unter <a href=\"http:\/\/www.google.com\/intl\/de_de\/help\/terms_maps.html\" target=\"_blank\" rel=\"noreferrer noopener\">Nutzungsbedingungen von Google Maps<\/a>.<\/p>\n<p><!-- \/wp:paragraph --><!-- wp:paragraph --><\/p>\n<p>Quelle f\u00fcr Texte auf dieser Seite u.a.: <a href=\"https:\/\/www.e-recht24.de\" target=\"_blank\" rel=\"noreferrer noopener\">https:\/\/www.e-recht24.de<\/a><\/p>\n<p><!-- \/wp:paragraph --><\/p>\t\t\t\t\t<\/div>\n\t\t\t\t\t\t<\/div>\n\t\t\t\t<\/div>\n\t\t\t\t\t\t<\/div>\n\t\t\t\t\t<\/div>\n\t\t<\/div>\n\t\t\t\t\t\t\t\t<\/div>\n\t\t\t\t\t<\/div>\n\t\t<\/section>\n\t\t\t\t\t\t<\/div>\n\t\t\t\t\t\t<\/div>\n\t\t\t\t\t<\/div>\n\t\t","protected":false},"excerpt":{"rendered":"<p>Gemeinschaftspraxis\u00a0Dr. Isabel &amp; Dr. Eyke Bayer\u00a0 Dr. med. Eyke BayerFacharzt f\u00fcr Innere Medizin Dr. med. Isabel BayerFach\u00e4rztin f\u00fcr Innere Medizin Gesetzliche Berufsbezeichnung:Facharzt\/\u00e4rztin f\u00fcr Innere Medizin, verliehen in der Bundesrepublik Deutschland. Sandower Hauptstr. 1503042 Cottbus Telefon:\u00a00355 \/ 71 04 44\u202cTelefax:\u00a00355 \/ 75 57 98 2info@drbayer-cottbus.de Zust\u00e4ndige \u00c4rztekammer:Landes\u00e4rztekammer BrandenburgK\u00f6rperschaft des \u00f6ffentlichen Rechts Gesch\u00e4ftsstelle PotsdamPappelallee 514469 Potsdam Telefon: [&hellip;]<\/p>\n","protected":false},"author":1,"featured_media":0,"parent":0,"menu_order":0,"comment_status":"closed","ping_status":"open","template":"","meta":{"footnotes":""},"class_list":["post-3","page","type-page","status-publish","hentry"],"_links":{"self":[{"href":"https:\/\/www.drbayer-cottbus.de\/index.php?rest_route=\/wp\/v2\/pages\/3","targetHints":{"allow":["GET"]}}],"collection":[{"href":"https:\/\/www.drbayer-cottbus.de\/index.php?rest_route=\/wp\/v2\/pages"}],"about":[{"href":"https:\/\/www.drbayer-cottbus.de\/index.php?rest_route=\/wp\/v2\/types\/page"}],"author":[{"embeddable":true,"href":"https:\/\/www.drbayer-cottbus.de\/index.php?rest_route=\/wp\/v2\/users\/1"}],"replies":[{"embeddable":true,"href":"https:\/\/www.drbayer-cottbus.de\/index.php?rest_route=%2Fwp%2Fv2%2Fcomments&post=3"}],"version-history":[{"count":4,"href":"https:\/\/www.drbayer-cottbus.de\/index.php?rest_route=\/wp\/v2\/pages\/3\/revisions"}],"predecessor-version":[{"id":204,"href":"https:\/\/www.drbayer-cottbus.de\/index.php?rest_route=\/wp\/v2\/pages\/3\/revisions\/204"}],"wp:attachment":[{"href":"https:\/\/www.drbayer-cottbus.de\/index.php?rest_route=%2Fwp%2Fv2%2Fmedia&parent=3"}],"curies":[{"name":"wp","href":"https:\/\/api.w.org\/{rel}","templated":true}]}}